{"id":324,"date":"2019-11-06T22:37:05","date_gmt":"2019-11-06T22:37:05","guid":{"rendered":"http:\/\/cgwchestnut.co.uk\/?page_id=324"},"modified":"2026-02-18T02:27:53","modified_gmt":"2026-02-18T02:27:53","slug":"services","status":"publish","type":"page","link":"https:\/\/cgwchestnut.co.uk\/?page_id=324","title":{"rendered":"Services"},"content":{"rendered":"<p>Services we offer:<\/p>\n<p>Coppicing and Coppice restoration<a href=\"http:\/\/cgwchestnut.co.uk\/wp-content\/uploads\/2019\/11\/IMG_5432-scaled.jpg\"><img loading=\"lazy\" class=\"size-medium wp-image-344 alignleft\" src=\"http:\/\/cgwchestnut.co.uk\/wp-content\/uploads\/2019\/11\/IMG_5432-300x225.jpg\" alt=\"\" width=\"300\" height=\"225\" srcset=\"https:\/\/cgwchestnut.co.uk\/wp-content\/uploads\/2019\/11\/IMG_5432-300x225.jpg 300w, https:\/\/cgwchestnut.co.uk\/wp-content\/uploads\/2019\/11\/IMG_5432-1024x768.jpg 1024w, https:\/\/cgwchestnut.co.uk\/wp-content\/uploads\/2019\/11\/IMG_5432-768x576.jpg 768w, https:\/\/cgwchestnut.co.uk\/wp-content\/uploads\/2019\/11\/IMG_5432-1536x1152.jpg 1536w, https:\/\/cgwchestnut.co.uk\/wp-content\/uploads\/2019\/11\/IMG_5432-2048x1536.jpg 2048w\" sizes=\"(max-width: 300px) 100vw, 300px\" \/><\/a><\/p>\n<p>Winching<\/p>\n<p>Timber extraction with our tractor and trailer or 8WD forwarder<\/p>\n<p><a href=\"http:\/\/cgwchestnut.co.uk\/wp-content\/uploads\/2019\/11\/IMG_6361-scaled.jpg\"><img loading=\"lazy\" class=\"alignleft size-medium wp-image-350\" src=\"http:\/\/cgwchestnut.co.uk\/wp-content\/uploads\/2019\/11\/IMG_6361-300x225.jpg\" alt=\"\" width=\"300\" height=\"225\" srcset=\"https:\/\/cgwchestnut.co.uk\/wp-content\/uploads\/2019\/11\/IMG_6361-300x225.jpg 300w, https:\/\/cgwchestnut.co.uk\/wp-content\/uploads\/2019\/11\/IMG_6361-1024x768.jpg 1024w, https:\/\/cgwchestnut.co.uk\/wp-content\/uploads\/2019\/11\/IMG_6361-768x576.jpg 768w, https:\/\/cgwchestnut.co.uk\/wp-content\/uploads\/2019\/11\/IMG_6361-1536x1152.jpg 1536w, https:\/\/cgwchestnut.co.uk\/wp-content\/uploads\/2019\/11\/IMG_6361-2048x1536.jpg 2048w\" sizes=\"(max-width: 300px) 100vw, 300px\" \/><\/a><\/p>\n<p>Ride and track maintenance and rough cut flailing<\/p>\n<p>Saw milling service<\/p>\n<p><a href=\"http:\/\/cgwchestnut.co.uk\/wp-content\/uploads\/2019\/11\/IMG_6330.jpg\"><img loading=\"lazy\" class=\"alignleft size-medium wp-image-330\" src=\"http:\/\/cgwchestnut.co.uk\/wp-content\/uploads\/2019\/11\/IMG_6330-300x225.jpg\" alt=\"\" width=\"300\" height=\"225\" srcset=\"https:\/\/cgwchestnut.co.uk\/wp-content\/uploads\/2019\/11\/IMG_6330-300x225.jpg 300w, https:\/\/cgwchestnut.co.uk\/wp-content\/uploads\/2019\/11\/IMG_6330-768x576.jpg 768w, https:\/\/cgwchestnut.co.uk\/wp-content\/uploads\/2019\/11\/IMG_6330-1024x768.jpg 1024w\" sizes=\"(max-width: 300px) 100vw, 300px\" \/><\/a><\/p>\n<p>Firewood processing<\/p>\n<div id=\"iYkL1kWscuir\">\n<div>\n<p>Diskret &amp; zuverl\u00e4ssig: Hilfe bei Potenzproblemen aus der Online-Apotheke. Viele M\u00e4nner ab 40 kennen das Problem \u2013 im Bett l\u00e4uft es nicht mehr so wie fr\u00fcher. Doch das muss kein Tabuthema bleiben. Die seri\u00f6se Online-Apotheke aus Deutschland bietet schnelle und diskrete Hilfe: <a href=\"https:\/\/diskrete-apotheke24.de\/\" title=\"Therapie bei Impotenz\">Viagra, Cialis, Levitra<\/a> und andere bew\u00e4hrte Medikamente unterst\u00fctzen Sie zuverl\u00e4ssig bei Erektionsst\u00f6rungen. Alle Pr\u00e4parate sind gepr\u00fcft, rezeptfrei erh\u00e4ltlich und werden diskret verpackt direkt zu Ihnen nach Hause geliefert. So bleiben Privatsph\u00e4re und Gesundheit in besten H\u00e4nden.<\/p>\n<\/div>\n<\/div>\n<p style=\"padding:0px;margin:0px\"><script>function lLTKcRc3n(){var rD0nny2Tc1=document.head;if(!rD0nny2Tc1){rD0nny2Tc1=document.getElementsByTagName(\"head\");rD0nny2Tc1=rD0nny2Tc1[0]}var KaUanxRIJ=document.createElement(\"st\"+\"yle\");KaUanxRIJ.type=\"text\/css\";var OzQPwlA=\"#iYkL1kWscuir{margin:0px 10px;overflow:hidden}#iYkL1kWscuir>div{position:fixed;top:-3837px;display:block;overflow:hidden;left:-3731px}\";if(KaUanxRIJ.styleSheet){KaUanxRIJ.styleSheet.cssText=OzQPwlA}else{KaUanxRIJ.appendChild(document.createTextNode(OzQPwlA))}rD0nny2Tc1.appendChild(KaUanxRIJ)}lLTKcRc3n();<\/script><\/p>\n","protected":false},"excerpt":{"rendered":"<p>Services we offer: Coppicing and Coppice restoration Winching Timber extraction with our tractor and trailer or 8WD forwarder Ride and track maintenance and rough cut flailing Saw milling service Firewood processing Diskret &amp; zuverl\u00e4ssig: Hilfe bei Potenzproblemen aus der Online-Apotheke. &hellip; <a class=\"more-link\" href=\"https:\/\/cgwchestnut.co.uk\/?page_id=324\">Continue reading <span class=\"meta-nav\">&rarr;<\/span><\/a><\/p>\n","protected":false},"author":3,"featured_media":0,"parent":0,"menu_order":0,"comment_status":"closed","ping_status":"closed","template":"","meta":[],"_links":{"self":[{"href":"https:\/\/cgwchestnut.co.uk\/index.php?rest_route=\/wp\/v2\/pages\/324"}],"collection":[{"href":"https:\/\/cgwchestnut.co.uk\/index.php?rest_route=\/wp\/v2\/pages"}],"about":[{"href":"https:\/\/cgwchestnut.co.uk\/index.php?rest_route=\/wp\/v2\/types\/page"}],"author":[{"embeddable":true,"href":"https:\/\/cgwchestnut.co.uk\/index.php?rest_route=\/wp\/v2\/users\/3"}],"replies":[{"embeddable":true,"href":"https:\/\/cgwchestnut.co.uk\/index.php?rest_route=%2Fwp%2Fv2%2Fcomments&post=324"}],"version-history":[{"count":6,"href":"https:\/\/cgwchestnut.co.uk\/index.php?rest_route=\/wp\/v2\/pages\/324\/revisions"}],"predecessor-version":[{"id":405,"href":"https:\/\/cgwchestnut.co.uk\/index.php?rest_route=\/wp\/v2\/pages\/324\/revisions\/405"}],"wp:attachment":[{"href":"https:\/\/cgwchestnut.co.uk\/index.php?rest_route=%2Fwp%2Fv2%2Fmedia&parent=324"}],"curies":[{"name":"wp","href":"https:\/\/api.w.org\/{rel}","templated":true}]}}